{"id":14575,"date":"2024-12-13T11:17:04","date_gmt":"2024-12-13T09:17:04","guid":{"rendered":"https:\/\/sol.lt\/politika-konfidenczialnosti\/"},"modified":"2025-09-28T16:19:15","modified_gmt":"2025-09-28T13:19:15","slug":"politika-konfidenczialnosti","status":"publish","type":"page","link":"https:\/\/sol.lt\/ru\/politika-konfidenczialnosti\/","title":{"rendered":"\u041f\u043e\u043b\u0438\u0442\u0438\u043a\u0430 \u043a\u043e\u043d\u0444\u0438\u0434\u0435\u043d\u0446\u0438\u0430\u043b\u044c\u043d\u043e\u0441\u0442\u0438"},"content":{"rendered":"\t\t<div data-elementor-type=\"wp-page\" data-elementor-id=\"14575\" class=\"elementor elementor-14575 elementor-23193\" data-elementor-post-type=\"page\">\n\t\t\t\t<div class=\"elementor-element elementor-element-ec0b2f3 e-flex e-con-boxed e-con e-parent\" data-id=\"ec0b2f3\" data-element_type=\"container\" data-e-type=\"container\">\n\t\t\t\t\t<div class=\"e-con-inner\">\n\t\t\t\t<div class=\"elementor-element elementor-element-11b209b elementor-absolute elementor-widget elementor-widget-shortcode\" data-id=\"11b209b\" data-element_type=\"widget\" data-e-type=\"widget\" data-settings=\"{&quot;_position&quot;:&quot;absolute&quot;}\" data-widget_type=\"shortcode.default\">\n\t\t\t\t\t\t\t<div class=\"elementor-shortcode\">\t\t<div class=\"breadcrumbs\" typeof=\"BreadcrumbList\" vocab=\"https:\/\/schema.org\/\">\n\t\t\t<span property=\"itemListElement\" typeof=\"ListItem\"><a property=\"item\" typeof=\"WebPage\" title=\"\u041f\u0435\u0440\u0435\u0439\u0442\u0438 \u043a \u0413\u043b\u0430\u0432\u043d\u0430\u044f \u0441\u0442\u0440\u0430\u043d\u0438\u0446\u0430.\" href=\"https:\/\/sol.lt\/ru\/\" class=\"home\" ><span property=\"name\">\u0413\u043b\u0430\u0432\u043d\u0430\u044f \u0441\u0442\u0440\u0430\u043d\u0438\u0446\u0430<\/span><\/a><meta property=\"position\" content=\"1\"><\/span><svg xmlns=\"http:\/\/www.w3.org\/2000\/svg\" width=\"4\" height=\"7\" fill=\"none\">\r\n<path d=\"M-3.59526e-08 6.1775L2.47233 3.5L-2.70027e-07 0.8225L0.761133 -3.32702e-08L4 3.5L0.761134 7L-3.59526e-08 6.1775Z\" fill=\"black\" \/>\r\n<\/svg><span property=\"itemListElement\" typeof=\"ListItem\"><a property=\"item\" typeof=\"WebPage\" title=\"\u041f\u0435\u0440\u0435\u0439\u0442\u0438 \u043a \u0411\u043b\u043e\u0433.\" href=\"https:\/\/sol.lt\/ru\/blog\/\" class=\"post-root post post-post\" aria-current=\"page\"><span property=\"name\">\u0411\u043b\u043e\u0433<\/span><\/a><meta property=\"position\" content=\"2\"><\/span>\t\t<\/div>\n\t\t<\/div>\n\t\t\t\t\t\t<\/div>\n\t\t<div class=\"elementor-element elementor-element-9e2730f e-flex e-con-boxed e-con e-child\" data-id=\"9e2730f\" data-element_type=\"container\" data-e-type=\"container\">\n\t\t\t\t\t<div class=\"e-con-inner\">\n\t\t\t\t<div class=\"elementor-element elementor-element-34ce640 elementor-widget elementor-widget-heading\" data-id=\"34ce640\" data-element_type=\"widget\" data-e-type=\"widget\" data-widget_type=\"heading.default\">\n\t\t\t\t\t<h1 class=\"elementor-heading-title elementor-size-default\">\u041f\u043e\u043b\u0438\u0442\u0438\u043a\u0430 \u043a\u043e\u043d\u0444\u0438\u0434\u0435\u043d\u0446\u0438\u0430\u043b\u044c\u043d\u043e\u0441\u0442\u0438<\/h1>\t\t\t\t<\/div>\n\t\t\t\t<div class=\"elementor-element elementor-element-73c8e2e elementor-widget elementor-widget-text-editor\" data-id=\"73c8e2e\" data-element_type=\"widget\" data-e-type=\"widget\" data-widget_type=\"text-editor.default\">\n\t\t\t\t\t\t\t\t\t<p><strong>\u012eVADAS<\/strong><\/p>\n<p>Nor\u0117dama u\u017etikrinti kuo geresn\u012f klient\u0173 aptarnavim\u0105, \u012fmon\u0117 \u201eSOL BALTICS O\u00dc\u201c (toliau vadinama\u00a0\u201eSOL\u201c) savo klient\u0173 asmens duomenis tvarko remdamasi \u0161ia privatumo politika (toliau vadinama\u00a0\u201eprivatumo politika\u201c) ir asmens duomen\u0173 tvarkym\u0105 reglamentuojan\u010di\u0173 teis\u0117s akt\u0173 principais.<br \/>Privatumo politikos tikslas yra i\u0161siai\u0161kinti, kokius savo klient\u0173 asmens duomenis ir kokiais tikslais\u00a0\u201eSOL\u201c kaupia ir kokios yra klient\u0173 teis\u0117s, susijusios su j\u0173 asmens duomen\u0173 tvarkymu. Privatumo\u00a0politika n\u0117ra susijusi ir nesaugo anonimini\u0173 duomen\u0173 ir netvarko juridini\u0173 asmen\u0173 duomen\u0173.<\/p>\n<p><strong>ASMENS DUOMEN\u0172 TVARKYTOJAI<\/strong><\/p>\n<p>U\u017e asmenini\u0173 duomen\u0173 tvarkym\u0105 atsakingas asmuo<br \/>U\u017e asmens duomen\u0173 tvarkym\u0105 \u201eatsakingas asmuo\u201c yra juridinis asmuo, kuris nustato asmens\u00a0duomen\u0173 tvarkymo tikslus ir b\u016bdus.<br \/>U\u017e tvarkym\u0105 atsakingas asmuo: \u201eSOL Baltics O\u00dc\u201c Lietuvos filialas<br \/>\u012emon\u0117s kodas: 304103214<br \/>Adresas: Laisv\u0117s pr. 77 B, Vilnius, Lietuva<br \/>Kontaktai: +370 5242 3122,\u00a0<a href=\"mailto:privacy@sol.lt\">privacy@sol.lt<\/a>.<\/p>\n<p>Asmens duomenims tvarkyti \u012fgalioti asmenys<br \/>Paslaugos teikimo metu \u201eSOL\u201c gali tvarkyti J\u016bs\u0173, su tre\u010diaisiais asmenimis susijusius asmens\u00a0duomenis ir jiems perduoti j\u016bs\u0173 duomenis (pavyzd\u017eiui, naudojant kurjerio paslaugas). Asmens<br \/>duomenims \u201etvarkyti \u012fgaliotas asmuo\u201c yra fizinis arba juridinis asmuo, vald\u017eios institucija, \u012fstaiga\u00a0arba kitas organas, kuris tvarko asmens duomenis administratoriaus (\u201eSOL\u201c) vardu. \u201eSOL\u201c\u00a0neskelbia asmens duomen\u0173 tretiesiems asmenims, i\u0161skyrus tada, kai pavie\u0161inimo prievol\u0117 yra\u00a0nustatyta \u012fstatyme, jeigu tai yra reikalinga sutar\u010diai \u012fvykdyti arba tai leido padaryti su duomenimis\u00a0susij\u0119s asmuo.<\/p>\n<p><strong>ASMENS DUOMEN\u0172 TVARKYMO PRINCIPAI<\/strong><\/p>\n<p>J\u016bs\u0173 asmens duomenis \u201eSOL\u201c tvarko pagal \u0161ioje privatumo politikoje nustatytus principus:<\/p>\n<ul>\n<li>Skaidrumas \u2013 j\u016bs\u0173 asmens duomenis \u201eSOL\u201c tvarko teis\u0117tu ir skaidriu b\u016bdu, ir tik tada, jeigu \u012fstatymu mums yra leid\u017eiama tvarkyti j\u016bs\u0173 duomenis.<\/li>\n<li>Tikslo apribojimas \u2013 \u201eSOL\u201c renka j\u016bs\u0173 duomenis tiksliai ir ai\u0161kiai nustatytais ir teis\u0117tais tikslais. Mes netvarko j\u016bs\u0173 asmens duomen\u0173 b\u016bdu, kuris nesutampa su pirminiais tikslais, i\u0161skyrus tais\u00a0atvejais, jeigu tai yra susij\u0119 su \u012fstatymuose nustatytais pagrindais ir jums sutikus.<\/li>\n<li>Kiek \u012fmanoma ma\u017eesni\u0173 duomen\u0173 rinkimas \u2013 \u201eSOL\u201c stengiasi, kad \u201eSOL\u201c tvarkomi duomenys\u00a0b\u016bt\u0173 pakankami ir atitikt\u0173 tvarkymo tikslus ir apriboti tvarkymo poreikiais.<\/li>\n<li>Teis\u0117tumas \u2013 \u201eSOL\u201c tikslas yra u\u017etikrinti, kad j\u016bs\u0173 asmens duomenys b\u016bt\u0173 teisingi ir tinkami.\u00a0Darome visk\u0105, kad netiksl\u016bs asmens duomenys b\u016bt\u0173 i\u0161trinti arba nedelsiant pataisyti.<\/li>\n<li>Saugojimo apribojimas \u2013 \u201eSOL\u201c saugo j\u016bs\u0173 asmens duomenis forma, kuri leid\u017eia nustatyti\u00a0duomen\u0173 subjekt\u0105 tol, kol tai yra b\u016btina asmens duomen\u0173 tvarkymo tikslams \u012fvykdyti. \u201eSOL\u201c\u00a0tvarko ir saugo asmens duomenis tol, kol tai yra reikalinga pagal galiojan\u010dius \u012fstatymus, vykdyti\u00a0galiojan\u010dioms sutartims arba juridiniams \u012fsipareigojimams.<\/li>\n<li>Pasitik\u0117jimas \u2013 \u201eSOL\u201c asmens duomenis tvarko b\u016bdu, kuris u\u017etikrina reikiam\u0105 saugum\u0105, taip pat<br \/>ir apsaug\u0105 nuo neleistino arba neteis\u0117to tvarkymo.<\/li>\n<li>Standartizuota ir pritaikytina asmens duomen\u0173 apsauga \u2013 kurdama, parinkdama ir naudodama\u00a0asmens duomen\u0173 tvarkymui taikomas programos, paslaugas ir produktus \u201eSOL\u201c atsi\u017evelgia \u012f\u00a0asmens duomen\u0173 apsaugos reikalingum\u0105.<\/li>\n<\/ul>\n<p>Visus jai patik\u0117tus duomenis \u201eSOL\u201c laiko konfidencialiai ir taikydama veiksmingas IT, technines ir organizacines apsaugos priemones, saugo savo klient\u0173 asmens duomenis, kad jie neteis\u0117tai\u00a0nepatekt\u0173 \u012f tre\u010di\u0173j\u0173 asmen\u0173 rankas.<\/p>\n<p><strong>DUOMEN\u0172 SUBJEKTO TEIS\u0116S<\/strong><\/p>\n<ul>\n<li>J\u016bs turi teis\u0119 pra\u0161yti, kad \u201eSOL\u201c suteikt\u0173 jums prieig\u0105 prie j\u016bs\u0173 asmens duomen\u0173, kuriuos tvarko \u201eSOL\u201c.<\/li>\n<li>Jeigu pasteb\u0117jote, kad j\u016bs\u0173 asmens duomenys yra nenauji, netiksl\u016bs arba juos reikia pataisyti, galite kreiptis \u012f \u201eSOL\u201c, kad duomenys b\u016bt\u0173 pataisyti ar papildyti.<\/li>\n<li>J\u016bs turite teis\u0119 kreiptis \u012f \u201eSOL\u201c ir reikalauti, kad j\u016bs\u0173 duomenys b\u016bt\u0173 i\u0161trinti. Tokiu atveju \u201eSOL\u201c\u00a0 i\u0161trins j\u016bs\u0173 duomenis, i\u0161skyrus tuomet, jeigu \u201eSOL\u201c turi teisin\u012f pagrind\u0105 tvarkyti j\u016bs\u0173 asmens duomenis.<\/li>\n<li>J\u016bs turite teis\u0119 u\u017edrausti, kad \u201eSOL\u201c tvarkyt\u0173 j\u016bs\u0173 asmens duomenis. Tokiu atveju, \u201eSOL\u201c gali tik saugoti turimus asmens duomenis, ta\u010diau negali j\u0173 papildomai tvarkyti.<\/li>\n<li>J\u016bs gali pra\u0161yti \u201eSOL\u201c, kad j\u016bs\u0173 asmens duomenys b\u016bt\u0173 i\u0161 \u201eSOL\u201c perduoti kitam asmens duomen\u0173 tvarkytojui, jeigu tai yra techni\u0161kai \u012fmanoma padaryti.<\/li>\n<li>J\u016bs turi teis\u0119 bet kada pateikti prie\u0161taravimus, kad j\u016bs\u0173 asmens duomenys yra tvarkomi. Tokiu atveju \u201eSOL\u201c nutraukia j\u016bs\u0173 asmens duomen\u0173 tvarkym\u0105, i\u0161skyrus tuomet, jeigu yra svarbios teisin\u0117s aplinkyb\u0117s.<\/li>\n<li>Jeigu \u012ftariate, kad tvarkant j\u016bs\u0173 asmens duomenis nebuvo laikomasi teis\u0117s aktuose nustatyt\u0173 reikalavim\u0173, j\u016bs turite teis\u0119 pateikti skund\u0105 d\u0117l duomen\u0173 tvarkymo duomen\u0173 apsaugos prie\u017ei\u016bros organui; Estijoje tai yra Duomen\u0173 apsaugos inspekcija.<\/li>\n<li>Jeigu asmens duomenys yra tvarkomi su j\u016bs\u0173 sutikimu, j\u016bs turite teis\u0119 bet kada atsiimti savo sutikim\u0105 apie tai prane\u0161dami \u201eSOL\u201c.<\/li>\n<\/ul>\n<p>Savo teisi\u0173 apsaugos klausimais galite kreiptis \u012f \u201eSOL\u201c el. pa\u0161tu\u00a0<a href=\"mailto:sol@sol.ee\">sol@sol.ee<\/a>.<\/p>\n<p><strong>ASMENS DUOMEN\u0172 TVARKYMO TIKSLAI<\/strong><\/p>\n<p>\u201eSOL\u201c asmens duomenis tvarko \u0161iais tikslais:<\/p>\n<ul>\n<li>Pardavim\u0173 veika ir su ja susijusios papildomos paslaugos;<\/li>\n<li>Rinkodara, tiesiogin\u0117 rinkodara su tikslu nuolatiniams klientams teikti nuolaidas ir kampanij\u0173<br \/>organizavimas;<\/li>\n<li>Duomen\u0173 analiz\u0117 rinkodaros tikslais;<\/li>\n<li>Atsiskaitymai ir tinkamas susira\u0161in\u0117jimas su klientais.<\/li>\n<\/ul>\n<p><strong>TVARKOM\u0172 ASMENS DUOMEN\u0172 KATEGORIJOS<\/strong><\/p>\n<p>\u201eSOL\u201c tvarkomuose duomenyse yra \u0161ie duomen\u0173 subjekto duomenys:<\/p>\n<ul>\n<li>vardas ir pavard\u0117;<\/li>\n<li>asmens kodas;<\/li>\n<li>telefono numeris, el. pa\u0161tas ir adresas (d\u0117l pasiuntini\u0173 pa\u0161to paslaug\u0173);<\/li>\n<li>duomenys apie klient\u0173 pirkinius;<\/li>\n<li>kiti duomenys, kurie yra reikalingi sutar\u010diai vykdyti arba paslaugoms teikti arba kuriuos klientas<br \/>yra laisva valia perdav\u0119s \u201eSOL\u201c.<\/li>\n<\/ul>\n<p><strong>ASMENS DUOMEN\u0172 TVARKYMO TEISINIAI PAGRINDAI<\/strong><\/p>\n<p>Asmens duomenis \u201eSOL\u201c tvarko remdamasi \u0161iais teisiniais pagrindais.<\/p>\n<p><strong>Sutartis<\/strong><\/p>\n<p>\u201eSOL\u201c tvarko j\u016bs\u0173 asmens duomenis, jeigu tvarkyti reikia sutarties vykdymui. Pavyzd\u017eiui, si\u016blomai<br \/>paslaugai teikti.<\/p>\n<p><strong>Sutikimas<\/strong><\/p>\n<p>Si\u0173sdama nuolatini\u0173 klient\u0173 ir kampanij\u0173 pasi\u016blymus, \u201eSOL\u201c tvarko j\u016bs\u0173 asmens duomenis sutikimo pagrindu.<br \/>Su informacine visuomene susij\u0119 duomen\u0173 apsaugos \u012fstatymai, nustato grie\u017etesnes taisykles ir s\u0105lygas vaik\u0173 sutikimui. Jeigu vaikas yra jaunesnis nei 16 met\u0173 arba jaunesnis, nei yra nustatyta \u012fstatyme, tvarkymas yra laikomas teis\u0117tu tik tada, jeigu sutikim\u0105 dav\u0117 vaiko t\u0117vai arba t\u0117v\u0173 teises \u012fgyvendinantis asmuo.<\/p>\n<p><strong>PROFILIAVIMAS IR RINKODARA<\/strong><\/p>\n<p>Profiliavimas rei\u0161kia, kad \u201eSOL\u201c asmens duomenis apdoroja bet kokiu automatiniu b\u016bdu ir kad duomenys yra naudojami tam, kad galima b\u016bt\u0173 \u012fvertinti su duomen\u0173 subjektu susijusius tam tikrus asmeninius aspektus. \u201eSOL\u201c gali taikyti profiliavim\u0105 analizuoti klient\u0173 vartojimo \u012fpro\u010dius rinkodaros ir pardavimo tikslais. Pagal profiliavimo rezultatus \u201eSOL\u201c savo klientams daro tam tikr\u0173 atrinkt\u0173 paslaug\u0173 pasi\u016blymus. \u201eSOL\u201c gali naudoti \u012fvairius profiliavimo b\u016bdus. Darydama pasi\u016blymus, \u201eSOL\u201c atsi\u017evelgia \u012f asmens am\u017ei\u0173 (kad galima b\u016bt\u0173 padaryti konkre\u010diai am\u017eiaus grupei tinkamiausi\u0105 pasi\u016blym\u0105) arba \u012f ankstesnius pirkinius (tam, kad klientams si\u0173sti pasi\u016blymus apie da\u017eniausiai perkamas paslaugas).<br \/>Jeigu asmens duomenys yra apdorojami tiesiogin\u0117s rinkodaros tikslais, duomen\u0173 subjektai gali atsisakyti, kad j\u0173 duomenys b\u016bt\u0173 naudojami min\u0117tais tikslais ir pasinaudoti savo teise pateikti prie\u0161taravim\u0105 naudoti asmens duomenis tiesiogin\u0117s rinkodaros tikslais. Pavyzd\u017eiui, jeigu \u201eSOL\u201c siun\u010dia jums naujienlai\u0161k\u012f su \u012fvairiais pasi\u016blymais arba SMS, ir j\u016bs nepageidaujate j\u0173 gauti, j\u016bs visada galite atsisakyti gauti pasi\u016blymus, apie tai prane\u0161dami \u201eSOL\u201c. Atsisak\u0119 nuo pasi\u016blym\u0173<br \/>gavimo, klientai visada ateityje gali ir v\u0117l prane\u0161ti, kad nori gauti pasi\u016blymus.<\/p>\n<p><strong>\u012eGYVENDINIMO NUOSTATA<\/strong><\/p>\n<p>\u201eSOL\u201c pasilieka teis\u0119 daryti \u0161ioje privatumo politikoje pakeitimus. Tod\u0117l \u0161i privatumo politika reguliariai yra per\u017ei\u016brima ir prireikus joje yra daromi pakeitimai. Apie privatumo politikos pakeitimus prane\u0161ama \u201eSOL\u201c interneto svetain\u0117je.<br \/>D\u0117l vis\u0173 su privatumo politika arba duomen\u0173 apdorojimu susijusiais klausimais arba i\u0161kilus problemoms susisiekite su mumis adresu\u00a0<a href=\"mailto:privacy@sol.lt\">privacy@sol.lt<\/a>.<\/p>\n\t\t\t\t\t\t\t\t<\/div>\n\t\t\t\t\t<\/div>\n\t\t\t\t<\/div>\n\t\t\t\t\t<\/div>\n\t\t\t\t<\/div>\n\t\t\t\t<\/div>\n\t\t","protected":false},"excerpt":{"rendered":"<p>\u0412 \u0446\u0435\u043b\u044f\u0445 \u043e\u0431\u0435\u0441\u043f\u0435\u0447\u0435\u043d\u0438\u044f \u043b\u0443\u0447\u0448\u0435\u0433\u043e \u043e\u0431\u0441\u043b\u0443\u0436\u0438\u0432\u0430\u043d\u0438\u044f \u043a\u043b\u0438\u0435\u043d\u0442\u043e\u0432 SOL Baltics O\u00dc (&#171;SOL&#187;) \u043e\u0431\u0440\u0430\u0431\u0430\u0442\u044b\u0432\u0430\u0435\u0442 \u043f\u0435\u0440\u0441\u043e\u043d\u0430\u043b\u044c\u043d\u044b\u0435 \u0434\u0430\u043d\u043d\u044b\u0435 \u0441\u0432\u043e\u0438\u0445 \u043a\u043b\u0438\u0435\u043d\u0442\u043e\u0432 \u0432 \u0441\u043e\u043e\u0442\u0432\u0435\u0442\u0441\u0442\u0432\u0438\u0438 \u0441 \u043f\u0440\u0438\u043d\u0446\u0438\u043f\u0430\u043c\u0438, \u0438\u0437\u043b\u043e\u0436\u0435\u043d\u043d\u044b\u043c\u0438 \u0432 \u043d\u0430\u0441\u0442\u043e\u044f\u0449\u0435\u0439 \u043f\u043e\u043b\u0438\u0442\u0438\u043a\u0435 \u043a\u043e\u043d\u0444\u0438\u0434\u0435\u043d\u0446\u0438\u0430\u043b\u044c\u043d\u043e\u0441\u0442\u0438 (&#171;\u043f\u043e\u043b\u0438\u0442\u0438\u043a\u0430 \u043a\u043e\u043d\u0444\u0438\u0434\u0435\u043d\u0446\u0438\u0430\u043b\u044c\u043d\u043e\u0441\u0442\u0438&#187;), \u0438 \u0434\u0435\u0439\u0441\u0442\u0432\u0443\u044e\u0449\u0438\u043c \u0437\u0430\u043a\u043e\u043d\u043e\u0434\u0430\u0442\u0435\u043b\u044c\u0441\u0442\u0432\u043e\u043c \u043e\u0431 \u043e\u0431\u0440\u0430\u0431\u043e\u0442\u043a\u0435 \u043f\u0435\u0440\u0441\u043e\u043d\u0430\u043b\u044c\u043d\u044b\u0445 \u0434\u0430\u043d\u043d\u044b\u0445.<\/p>\n","protected":false},"author":1,"featured_media":0,"parent":0,"menu_order":0,"comment_status":"closed","ping_status":"closed","template":"","meta":{"_acf_changed":false,"footnotes":""},"class_list":["post-14575","page","type-page","status-publish","hentry"],"acf":[],"_links":{"self":[{"href":"https:\/\/sol.lt\/ru\/wp-json\/wp\/v2\/pages\/14575","targetHints":{"allow":["GET"]}}],"collection":[{"href":"https:\/\/sol.lt\/ru\/wp-json\/wp\/v2\/pages"}],"about":[{"href":"https:\/\/sol.lt\/ru\/wp-json\/wp\/v2\/types\/page"}],"author":[{"embeddable":true,"href":"https:\/\/sol.lt\/ru\/wp-json\/wp\/v2\/users\/1"}],"replies":[{"embeddable":true,"href":"https:\/\/sol.lt\/ru\/wp-json\/wp\/v2\/comments?post=14575"}],"version-history":[{"count":3,"href":"https:\/\/sol.lt\/ru\/wp-json\/wp\/v2\/pages\/14575\/revisions"}],"predecessor-version":[{"id":26441,"href":"https:\/\/sol.lt\/ru\/wp-json\/wp\/v2\/pages\/14575\/revisions\/26441"}],"wp:attachment":[{"href":"https:\/\/sol.lt\/ru\/wp-json\/wp\/v2\/media?parent=14575"}],"curies":[{"name":"wp","href":"https:\/\/api.w.org\/{rel}","templated":true}]}}